{"id":1760,"date":"2025-02-18T16:11:27","date_gmt":"2025-02-18T16:11:27","guid":{"rendered":"https:\/\/leiriartem.gql.pt\/?page_id=1760"},"modified":"2025-07-08T16:52:11","modified_gmt":"2025-07-08T16:52:11","slug":"signature","status":"publish","type":"page","link":"https:\/\/leiriartem.gql.pt\/en\/quartos\/signature\/","title":{"rendered":"Signature"},"content":{"rendered":"<div class=\"brz-root__container brz-reset-all brz brz-root__container-page\">\n<section id=\"86c132eef25c827d8964_syrAKxuF6jKc\" class=\"brz-section brz-css-1jzrlh4 brz-css-1ec5z7j\">\n<div class=\"brz-slick-slider brz-slick-slider__section\" data-slides-to-show=\"1\" data-slides-to-scroll=\"1\" data-arrows=\"true\" data-dots=\"true\" data-dots-class=\"brz-slick-slider__dots brz-slick-slider__dots--circle\" data-fade=\"false\" data-vertical=\"false\" data-auto-play=\"false\" data-auto-play-speed=\"3000\" data-animation-speed=\"500\" data-swipe=\"true\" data-responsive=\"%5B%7B%22breakpoint%22%3A767%2C%22settings%22%3A%7B%22slidesToShow%22%3A1%2C%22slidesToScroll%22%3A1%7D%7D%5D\">\n<div>\n<div class=\"brz-section__content brz-section--boxed brz-css-lcncog brz-css-11nf5ao\" data-brz-custom-id=\"synT_pIosK6L\">\n<div class=\"brz-bg\">\n<div class=\"brz-bg-image\"><\/div>\n<\/div>\n<div class=\"brz-container brz-css-1weu60o\">\n<div id=\"\" class=\"brz-css-1dnf2e8 brz-css-1h4h9e4 brz-wrapper\">\n<div class=\"brz-spacer brz-css-18z9qga brz-css-xjhsp5\"><\/div>\n<\/div>\n<\/div>\n<\/div>\n<\/div>\n<p><svg class=\"brz-icon-svg align-[initial] brz-hidden\"><use href=\"\/wp-content\/plugins\/brizy\/public\/editor-build\/prod\/editor\/icons\/editor\/right-arrow-thin.svg#brz_icon\"><\/use><\/svg><\/div>\n<\/section>\n<section id=\"895a60b9dc8d50120b8d_kRA2iXPHHpzl\" class=\"brz-section brz-css-1jzrlh4\">\n<div class=\"brz-section__content brz-section--boxed brz-css-lcncog brz-css-wlsvl8\" data-brz-custom-id=\"alzRKqR4vXbS\">\n<div class=\"brz-container brz-css-1weu60o\">\n<div class=\"brz-row__container brz-css-1mb1h8b\" data-brz-custom-id=\"nsrpLLR_GvQo\">\n<div class=\"brz-bg\"><\/div>\n<div class=\"brz-row brz-css-t3j2se brz-css-1msbtqb\">\n<div class=\"brz-columns brz-css-1a7b1gu brz-css-1l1nngc\" data-brz-custom-id=\"xXMXG99IRyHZ\">\n<div class=\"brz-bg\"><\/div>\n<div class=\"brz-column__items brz-css-wu0vvk brz-css-1ypuv7k\">\n<div id=\"\" class=\"brz-css-1dnf2e8 brz-css-fk9onb brz-wrapper\">\n<div class=\"brz-rich-text brz-rich-text__custom brz-css-udv7lh\" data-brz-custom-id=\"pp097KrdKITQ\">\n<div data-brz-translate-text=\"1\">\n<h2 class=\"brz-mt-xs-0 brz-mb-xs-0 brz-text-xs-left brz-text-lg-left brz-tp-lg-heading2 brz-mb-lg-0 brz-mt-lg-0 brz-css-yE2Ox\" data-generated-css=\"brz-css-fhv6j\" data-uniq-id=\"aSv50\">Quartos Signature<\/h2>\n<\/div>\n<\/div>\n<\/div>\n<div id=\"\" class=\"brz-css-1dnf2e8 brz-css-rs1io4 brz-wrapper\">\n<div class=\"brz-rich-text brz-rich-text__custom brz-css-udv7lh\" data-brz-custom-id=\"nwCbcDdQgHEt\">\n<div data-brz-translate-text=\"1\">\n<h2 class=\"brz-mt-xs-0 brz-mb-xs-0 brz-text-xs-left brz-tp-lg-heading2 brz-text-lg-left brz-mb-lg-0 brz-mt-lg-0 brz-css-hL8vV\" data-uniq-id=\"gGNA9\" data-generated-css=\"brz-css-p425U\"><span class=\"brz-cp-color4\" style=\"color: rgba(var(--brz-global-color4),1);\">Uma estadia inspiradora<\/span><\/h2>\n<\/div>\n<\/div>\n<\/div>\n<div id=\"\" class=\"brz-css-1dnf2e8 brz-css-fvrflb brz-wrapper\">\n<div class=\"brz-rich-text brz-rich-text__custom brz-css-udv7lh\" data-brz-custom-id=\"m5MZwfNlSgfW\">\n<div data-brz-translate-text=\"1\">\n<p class=\"brz-text-lg-left brz-tp-lg-paragraph brz-text-xs-left brz-css-vtZcL\" data-uniq-id=\"eveSH\" data-generated-css=\"brz-css-aZ7of\"><span class=\"brz-cp-color2\" style=\"color: rgba(var(--brz-global-color2),1);\">Com o objetivo de promover a arte local e proporcionar uma experi\u00eancia \u00fanica aos seus h\u00f3spedes, convid\u00e1mos v\u00e1rios artistas da regi\u00e3o de Leiria a decorar dez dos nossos 27 quartos. Esta colabora\u00e7\u00e3o pretende n\u00e3o s\u00f3 dotar o Leiriartem Hotel de um ambiente mais distintivo e criativo, mas tamb\u00e9m celebrar e divulgar o talento dos artistas leirienses, transformando os quartos em verdadeiras galerias de arte contempor\u00e2nea, onde cada detalhe reflete a criatividade e a identidade cultural dos artistas e da regi\u00e3o. Escolha o seu quarto favorito e fa\u00e7a a sua reserva.<\/span><\/p>\n<\/div>\n<\/div>\n<\/div>\n<\/div>\n<\/div>\n<\/div>\n<\/div>\n<div id=\"\" class=\"brz-css-1dnf2e8 brz-css-1h4h9e4 brz-css-1orkqok brz-wrapper\">\n<div class=\"brz-spacer brz-css-18z9qga brz-css-1o57jfv\"><\/div>\n<\/div>\n<\/div>\n<\/div>\n<\/section>\n<\/div>\n<p>    <!-- version:1751993531 --><\/p>","protected":false},"excerpt":{"rendered":"<p>Quartos Signature Uma estadia inspiradora Com o objetivo de promover a arte local e proporcionar uma experi\u00eancia \u00fanica aos seus h\u00f3spedes, convid\u00e1mos v\u00e1rios artistas da regi\u00e3o de Leiria a decorar dez dos nossos 27 quartos. Esta colabora\u00e7\u00e3o pretende n\u00e3o s\u00f3 dotar o Leiriartem Hotel de um ambiente mais distintivo e criativo, mas tamb\u00e9m celebrar e&hellip; <a class=\"more-link\" href=\"https:\/\/leiriartem.gql.pt\/en\/quartos\/signature\/\">Continue reading <span class=\"screen-reader-text\">Signature<\/span><\/a><\/p>","protected":false},"author":1,"featured_media":3223,"parent":755,"menu_order":0,"comment_status":"closed","ping_status":"closed","template":"brizy-blank-template.php","meta":{"footnotes":""},"class_list":["post-1760","page","type-page","status-publish","has-post-thumbnail","hentry","entry"],"yoast_head":"<!-- This site is optimized with the Yoast SEO plugin v24.7 - https:\/\/yoast.com\/wordpress\/plugins\/seo\/ -->\n<title>Quartos Signature | Leiriartem Hotel | Grupo Quinta dos Lagos<\/title>\n<meta name=\"description\" content=\"O Leiriartem Hotel convidou 10 artistas da regi\u00e3o para decorarem os quartos Signature, com o objetivo de promover a arte local.\" \/>\n<meta name=\"robots\" content=\"index, follow, max-snippet:-1, max-image-preview:large, max-video-preview:-1\" \/>\n<link rel=\"canonical\" href=\"https:\/\/leiriartem.gql.pt\/en\/quartos\/signature\/\" \/>\n<meta property=\"og:locale\" content=\"en_GB\" \/>\n<meta property=\"og:type\" content=\"article\" \/>\n<meta property=\"og:title\" content=\"Quartos Signature | Leiriartem Hotel\" \/>\n<meta property=\"og:description\" content=\"O Leiriartem Hotel convidou 10 artistas da regi\u00e3o para decorarem os quartos Signature, com o objetivo de promover a arte local.\" \/>\n<meta property=\"og:url\" content=\"https:\/\/leiriartem.gql.pt\/en\/quartos\/signature\/\" \/>\n<meta property=\"og:site_name\" content=\"Leiriartem Hotel\" \/>\n<meta property=\"article:modified_time\" content=\"2025-07-08T16:52:11+00:00\" \/>\n<meta property=\"og:image\" content=\"https:\/\/leiriartem.gql.pt\/wp-content\/uploads\/2025\/03\/Thumbnail-LA-Signature.png\" \/>\n\t<meta property=\"og:image:width\" content=\"1200\" \/>\n\t<meta property=\"og:image:height\" content=\"675\" \/>\n\t<meta property=\"og:image:type\" content=\"image\/png\" \/>\n<meta name=\"twitter:card\" content=\"summary_large_image\" \/>\n<meta name=\"twitter:title\" content=\"Quartos Signature | Leiriartem Hotel\" \/>\n<meta name=\"twitter:description\" content=\"O Leiriartem Hotel convidou 10 artistas da regi\u00e3o para decorarem os quartos Signature, com o objetivo de promover a arte local.\" \/>\n<meta name=\"twitter:image\" content=\"https:\/\/leiriartem.gql.pt\/wp-content\/uploads\/2025\/03\/Thumbnail-LA-Signature.png\" \/>\n<meta name=\"twitter:label1\" content=\"Estimated reading time\" \/>\n\t<meta name=\"twitter:data1\" content=\"3 minutes\" \/>\n<script type=\"application\/ld+json\" class=\"yoast-schema-graph\">{\"@context\":\"https:\/\/schema.org\",\"@graph\":[{\"@type\":\"WebPage\",\"@id\":\"https:\/\/leiriartem.gql.pt\/quartos\/signature\/\",\"url\":\"https:\/\/leiriartem.gql.pt\/quartos\/signature\/\",\"name\":\"Quartos Signature | Leiriartem Hotel | Grupo Quinta dos Lagos\",\"isPartOf\":{\"@id\":\"https:\/\/leiriartem.gql.pt\/#website\"},\"primaryImageOfPage\":{\"@id\":\"https:\/\/leiriartem.gql.pt\/quartos\/signature\/#primaryimage\"},\"image\":{\"@id\":\"https:\/\/leiriartem.gql.pt\/quartos\/signature\/#primaryimage\"},\"thumbnailUrl\":\"https:\/\/leiriartem.gql.pt\/wp-content\/uploads\/2025\/06\/LeiriArtem49-scaled.jpg\",\"datePublished\":\"2025-02-18T16:11:27+00:00\",\"dateModified\":\"2025-07-08T16:52:11+00:00\",\"description\":\"O Leiriartem Hotel convidou 10 artistas da regi\u00e3o para decorarem os quartos Signature, com o objetivo de promover a arte local.\",\"breadcrumb\":{\"@id\":\"https:\/\/leiriartem.gql.pt\/quartos\/signature\/#breadcrumb\"},\"inLanguage\":\"en-GB\",\"potentialAction\":[{\"@type\":\"ReadAction\",\"target\":[\"https:\/\/leiriartem.gql.pt\/quartos\/signature\/\"]}]},{\"@type\":\"ImageObject\",\"inLanguage\":\"en-GB\",\"@id\":\"https:\/\/leiriartem.gql.pt\/quartos\/signature\/#primaryimage\",\"url\":\"https:\/\/leiriartem.gql.pt\/wp-content\/uploads\/2025\/06\/LeiriArtem49-scaled.jpg\",\"contentUrl\":\"https:\/\/leiriartem.gql.pt\/wp-content\/uploads\/2025\/06\/LeiriArtem49-scaled.jpg\",\"width\":1707,\"height\":2560},{\"@type\":\"BreadcrumbList\",\"@id\":\"https:\/\/leiriartem.gql.pt\/quartos\/signature\/#breadcrumb\",\"itemListElement\":[{\"@type\":\"ListItem\",\"position\":1,\"name\":\"In\u00edcio\",\"item\":\"https:\/\/leiriartem.gql.pt\/\"},{\"@type\":\"ListItem\",\"position\":2,\"name\":\"Quartos\",\"item\":\"https:\/\/leiriartem.gql.pt\/quartos\/\"},{\"@type\":\"ListItem\",\"position\":3,\"name\":\"Signature\"}]},{\"@type\":\"WebSite\",\"@id\":\"https:\/\/leiriartem.gql.pt\/#website\",\"url\":\"https:\/\/leiriartem.gql.pt\/\",\"name\":\"Leiriartem Hotel\",\"description\":\"Grupo Quinta dos Lagos\",\"potentialAction\":[{\"@type\":\"SearchAction\",\"target\":{\"@type\":\"EntryPoint\",\"urlTemplate\":\"https:\/\/leiriartem.gql.pt\/?s={search_term_string}\"},\"query-input\":{\"@type\":\"PropertyValueSpecification\",\"valueRequired\":true,\"valueName\":\"search_term_string\"}}],\"inLanguage\":\"en-GB\"}]}<\/script>\n<!-- \/ Yoast SEO plugin. -->","yoast_head_json":{"title":"Quartos Signature | Leiriartem Hotel | Grupo Quinta dos Lagos","description":"O Leiriartem Hotel convidou 10 artistas da regi\u00e3o para decorarem os quartos Signature, com o objetivo de promover a arte local.","robots":{"index":"index","follow":"follow","max-snippet":"max-snippet:-1","max-image-preview":"max-image-preview:large","max-video-preview":"max-video-preview:-1"},"canonical":"https:\/\/leiriartem.gql.pt\/en\/quartos\/signature\/","og_locale":"en_GB","og_type":"article","og_title":"Quartos Signature | Leiriartem Hotel","og_description":"O Leiriartem Hotel convidou 10 artistas da regi\u00e3o para decorarem os quartos Signature, com o objetivo de promover a arte local.","og_url":"https:\/\/leiriartem.gql.pt\/en\/quartos\/signature\/","og_site_name":"Leiriartem Hotel","article_modified_time":"2025-07-08T16:52:11+00:00","og_image":[{"width":1200,"height":675,"url":"https:\/\/leiriartem.gql.pt\/wp-content\/uploads\/2025\/03\/Thumbnail-LA-Signature.png","type":"image\/png"}],"twitter_card":"summary_large_image","twitter_title":"Quartos Signature | Leiriartem Hotel","twitter_description":"O Leiriartem Hotel convidou 10 artistas da regi\u00e3o para decorarem os quartos Signature, com o objetivo de promover a arte local.","twitter_image":"https:\/\/leiriartem.gql.pt\/wp-content\/uploads\/2025\/03\/Thumbnail-LA-Signature.png","twitter_misc":{"Estimated reading time":"3 minutes"},"schema":{"@context":"https:\/\/schema.org","@graph":[{"@type":"WebPage","@id":"https:\/\/leiriartem.gql.pt\/quartos\/signature\/","url":"https:\/\/leiriartem.gql.pt\/quartos\/signature\/","name":"Quartos Signature | Leiriartem Hotel | Grupo Quinta dos Lagos","isPartOf":{"@id":"https:\/\/leiriartem.gql.pt\/#website"},"primaryImageOfPage":{"@id":"https:\/\/leiriartem.gql.pt\/quartos\/signature\/#primaryimage"},"image":{"@id":"https:\/\/leiriartem.gql.pt\/quartos\/signature\/#primaryimage"},"thumbnailUrl":"https:\/\/leiriartem.gql.pt\/wp-content\/uploads\/2025\/06\/LeiriArtem49-scaled.jpg","datePublished":"2025-02-18T16:11:27+00:00","dateModified":"2025-07-08T16:52:11+00:00","description":"O Leiriartem Hotel convidou 10 artistas da regi\u00e3o para decorarem os quartos Signature, com o objetivo de promover a arte local.","breadcrumb":{"@id":"https:\/\/leiriartem.gql.pt\/quartos\/signature\/#breadcrumb"},"inLanguage":"en-GB","potentialAction":[{"@type":"ReadAction","target":["https:\/\/leiriartem.gql.pt\/quartos\/signature\/"]}]},{"@type":"ImageObject","inLanguage":"en-GB","@id":"https:\/\/leiriartem.gql.pt\/quartos\/signature\/#primaryimage","url":"https:\/\/leiriartem.gql.pt\/wp-content\/uploads\/2025\/06\/LeiriArtem49-scaled.jpg","contentUrl":"https:\/\/leiriartem.gql.pt\/wp-content\/uploads\/2025\/06\/LeiriArtem49-scaled.jpg","width":1707,"height":2560},{"@type":"BreadcrumbList","@id":"https:\/\/leiriartem.gql.pt\/quartos\/signature\/#breadcrumb","itemListElement":[{"@type":"ListItem","position":1,"name":"In\u00edcio","item":"https:\/\/leiriartem.gql.pt\/"},{"@type":"ListItem","position":2,"name":"Quartos","item":"https:\/\/leiriartem.gql.pt\/quartos\/"},{"@type":"ListItem","position":3,"name":"Signature"}]},{"@type":"WebSite","@id":"https:\/\/leiriartem.gql.pt\/#website","url":"https:\/\/leiriartem.gql.pt\/","name":"Leiriartem Hotel","description":"Grupo Quinta dos Lagos","potentialAction":[{"@type":"SearchAction","target":{"@type":"EntryPoint","urlTemplate":"https:\/\/leiriartem.gql.pt\/?s={search_term_string}"},"query-input":{"@type":"PropertyValueSpecification","valueRequired":true,"valueName":"search_term_string"}}],"inLanguage":"en-GB"}]}},"_links":{"self":[{"href":"https:\/\/leiriartem.gql.pt\/en\/wp-json\/wp\/v2\/pages\/1760","targetHints":{"allow":["GET"]}}],"collection":[{"href":"https:\/\/leiriartem.gql.pt\/en\/wp-json\/wp\/v2\/pages"}],"about":[{"href":"https:\/\/leiriartem.gql.pt\/en\/wp-json\/wp\/v2\/types\/page"}],"author":[{"embeddable":true,"href":"https:\/\/leiriartem.gql.pt\/en\/wp-json\/wp\/v2\/users\/1"}],"replies":[{"embeddable":true,"href":"https:\/\/leiriartem.gql.pt\/en\/wp-json\/wp\/v2\/comments?post=1760"}],"version-history":[{"count":22,"href":"https:\/\/leiriartem.gql.pt\/en\/wp-json\/wp\/v2\/pages\/1760\/revisions"}],"predecessor-version":[{"id":4276,"href":"https:\/\/leiriartem.gql.pt\/en\/wp-json\/wp\/v2\/pages\/1760\/revisions\/4276"}],"up":[{"embeddable":true,"href":"https:\/\/leiriartem.gql.pt\/en\/wp-json\/wp\/v2\/pages\/755"}],"wp:featuredmedia":[{"embeddable":true,"href":"https:\/\/leiriartem.gql.pt\/en\/wp-json\/wp\/v2\/media\/3223"}],"wp:attachment":[{"href":"https:\/\/leiriartem.gql.pt\/en\/wp-json\/wp\/v2\/media?parent=1760"}],"curies":[{"name":"wp","href":"https:\/\/api.w.org\/{rel}","templated":true}]}}